{"id":2838,"date":"2021-07-29T12:47:57","date_gmt":"2021-07-29T12:47:57","guid":{"rendered":"https:\/\/om28architects.com\/colaboraciones-en-arquitectura-om28\/"},"modified":"2025-02-20T11:15:48","modified_gmt":"2025-02-20T10:15:48","slug":"colaboraciones-en-arquitectura-om28","status":"publish","type":"page","link":"https:\/\/om28architects.com\/en\/services\/colaboraciones-en-arquitectura-om28\/","title":{"rendered":"Colaboraciones"},"content":{"rendered":"\t\t<div data-elementor-type=\"wp-page\" data-elementor-id=\"2838\" class=\"elementor elementor-2838 elementor-1013\" data-elementor-post-type=\"page\">\n\t\t\t\t\t\t<section class=\"elementor-section elementor-top-section elementor-element elementor-element-dade0db elementor-section-boxed elementor-section-height-default elementor-section-height-default\" data-id=\"dade0db\" data-element_type=\"section\">\n\t\t\t\t\t\t<div class=\"elementor-container elementor-column-gap-wide\">\n\t\t\t\t\t<div class=\"elementor-column elementor-col-50 elementor-top-column elementor-element elementor-element-baa5d95\" data-id=\"baa5d95\" data-element_type=\"column\">\n\t\t\t<div class=\"elementor-widget-wrap elementor-element-populated\">\n\t\t\t\t\t\t<div class=\"elementor-element elementor-element-70b35c5 elementor-widget elementor-widget-image\" data-id=\"70b35c5\" data-element_type=\"widget\" data-widget_type=\"image.default\">\n\t\t\t\t<div class=\"elementor-widget-container\">\n\t\t\t\t\t\t\t\t\t\t\t\t\t<img fetchpriority=\"high\" decoding=\"async\" width=\"718\" height=\"1024\" src=\"https:\/\/om28architects.com\/wp-content\/uploads\/2021\/07\/COLABORACIONES-VERTICAL-01-OM28Architects-718x1024.jpg\" class=\"attachment-large size-large wp-image-1278\" alt=\"COLABORACIONES EN ARQUITECTURA | OM28 ARCHITECTS\" srcset=\"https:\/\/om28architects.com\/wp-content\/uploads\/2021\/07\/COLABORACIONES-VERTICAL-01-OM28Architects-718x1024.jpg 718w, https:\/\/om28architects.com\/wp-content\/uploads\/2021\/07\/COLABORACIONES-VERTICAL-01-OM28Architects-210x300.jpg 210w, https:\/\/om28architects.com\/wp-content\/uploads\/2021\/07\/COLABORACIONES-VERTICAL-01-OM28Architects-768x1095.jpg 768w, https:\/\/om28architects.com\/wp-content\/uploads\/2021\/07\/COLABORACIONES-VERTICAL-01-OM28Architects.jpg 1062w\" sizes=\"(max-width: 718px) 100vw, 718px\" \/>\t\t\t\t\t\t\t\t\t\t\t\t\t<\/div>\n\t\t\t\t<\/div>\n\t\t\t\t\t<\/div>\n\t\t<\/div>\n\t\t\t\t<div class=\"elementor-column elementor-col-50 elementor-top-column elementor-element elementor-element-e33b610\" data-id=\"e33b610\" data-element_type=\"column\">\n\t\t\t<div class=\"elementor-widget-wrap elementor-element-populated\">\n\t\t\t\t\t\t<div class=\"elementor-element elementor-element-962d047 elementor-widget elementor-widget-heading\" data-id=\"962d047\" data-element_type=\"widget\" data-widget_type=\"heading.default\">\n\t\t\t\t<div class=\"elementor-widget-container\">\n\t\t\t<h1 class=\"elementor-heading-title elementor-size-default\">OM28 - COLABORACIONES EN ARQUITECTURA<\/h1>\t\t<\/div>\n\t\t\t\t<\/div>\n\t\t\t\t<div class=\"elementor-element elementor-element-414a433 elementor-widget elementor-widget-text-editor\" data-id=\"414a433\" data-element_type=\"widget\" data-widget_type=\"text-editor.default\">\n\t\t\t\t<div class=\"elementor-widget-container\">\n\t\t\t\t\t\t\t<p>En OM28 Architects somos <strong>socios locales<\/strong> en <a href=\"https:\/\/es.wikipedia.org\/wiki\/Sotogrande\" target=\"_blank\" rel=\"noopener\">Sotogrande<\/a> y la <strong>Costa del Sol<\/strong> de <strong>firmas de arquitectura<\/strong> de origen nacional e internacional. Hemos realizado <strong>colaboraciones<\/strong> con otros <strong>estudios de arquitectura<\/strong> y empresas relacionadas al sector, con el aval de m\u00e1s de veinte a\u00f1os de experiencia en trabajos de <strong>arquitectura, arquitectura legal, urbanismo y paisajismo<\/strong>.<\/p><h2>NUESTRAS COLABORACIONES\u00a0<\/h2><p>En OM28 Architects realizamos<strong> colaboraciones<\/strong> con otros profesionales y estudios de arquitectura afines a trav\u00e9s de los siguientes servicios:\u00a0<\/p><ul><li>Colaboramos dando <a href=\"https:\/\/om28architects.com\/servicios\/servicio-de-arquitectura-legal-om28-architects\" target=\"_blank\" rel=\"noopener\"><strong>soporte legal<\/strong><\/a> y <strong>asesoramiento para arquitectos extranjeros<\/strong> no habilitados en Espa\u00f1a para la <strong>redacci\u00f3n de proyectos<\/strong> en todas sus fases, con amplio conocimiento de la<strong> normativa estatal<\/strong>, regional y local de aplicaci\u00f3n.<\/li><li><strong>Asesoramiento urban\u00edstico<\/strong>.<\/li><li><strong>Asesoramiento ante Ayuntamientos<\/strong> y Junta de Andaluc\u00eda (Gesti\u00f3n de licencias y autorizaciones)<\/li><li><strong>Asesoramiento en la contrataci\u00f3n de empresas constructoras<\/strong>, proveedores y oficios de la construcci\u00f3n.<\/li><\/ul>\t\t\t\t\t\t<\/div>\n\t\t\t\t<\/div>\n\t\t\t\t\t<\/div>\n\t\t<\/div>\n\t\t\t\t\t<\/div>\n\t\t<\/section>\n\t\t\t\t<section class=\"elementor-section elementor-top-section elementor-element elementor-element-78b9266 elementor-section-boxed elementor-section-height-default elementor-section-height-default\" data-id=\"78b9266\" data-element_type=\"section\">\n\t\t\t\t\t\t<div class=\"elementor-container elementor-column-gap-default\">\n\t\t\t\t\t<div class=\"elementor-column elementor-col-100 elementor-top-column elementor-element elementor-element-007a184\" data-id=\"007a184\" data-element_type=\"column\">\n\t\t\t<div class=\"elementor-widget-wrap\">\n\t\t\t\t\t\t\t<\/div>\n\t\t<\/div>\n\t\t\t\t\t<\/div>\n\t\t<\/section>\n\t\t\t\t<section class=\"elementor-section elementor-top-section elementor-element elementor-element-d8013f2 elementor-section-boxed elementor-section-height-default elementor-section-height-default\" data-id=\"d8013f2\" data-element_type=\"section\">\n\t\t\t\t\t\t<div class=\"elementor-container elementor-column-gap-default\">\n\t\t\t\t\t<div class=\"elementor-column elementor-col-100 elementor-top-column elementor-element elementor-element-62653fd\" data-id=\"62653fd\" data-element_type=\"column\">\n\t\t\t<div class=\"elementor-widget-wrap elementor-element-populated\">\n\t\t\t\t\t\t<div class=\"elementor-element elementor-element-ab9c27a elementor-widget elementor-widget-text-editor\" data-id=\"ab9c27a\" data-element_type=\"widget\" data-widget_type=\"text-editor.default\">\n\t\t\t\t<div class=\"elementor-widget-container\">\n\t\t\t\t\t\t\t<h2>OM28 ARCHITECTS: COLABORACIONES EN ARQUITECTURA CON OTROS ESTUDIOS\u00a0<\/h2>\t\t\t\t\t\t<\/div>\n\t\t\t\t<\/div>\n\t\t\t\t<div class=\"elementor-element elementor-element-31b33f1 elementor-widget elementor-widget-text-editor\" data-id=\"31b33f1\" data-element_type=\"widget\" data-widget_type=\"text-editor.default\">\n\t\t\t\t<div class=\"elementor-widget-container\">\n\t\t\t\t\t\t\t<p>En nuestro <strong>estudio de arquitectura<\/strong> creemos que la evoluci\u00f3n de la tecnolog\u00eda y la ciencia, y la tendencia global al trabajo en <strong>equipos multidisciplinarios<\/strong> como camino a conseguir mejores resultados, ponen a la <strong>arquitectura<\/strong> en situaci\u00f3n de integrarse a estos desaf\u00edos aprendiendo y nutri\u00e9ndose de trabajo en <strong>proyectos en colaboraci\u00f3n<\/strong>.<\/p><p>OM28 Architects re\u00fane tanto especialistas t\u00e9cnicos como l\u00edderes en gesti\u00f3n al tanto de las innovaciones importantes en el mercado, y ponderamos la verdadera <strong>colaboraci\u00f3n entre <\/strong>profesionales del sector<\/p><p>Tenemos experiencia en diferentes servicios, por lo cual nos sentimos aptos para emprender en el marco de diferentes desaf\u00edos y tendencias. Para OM28 Architects, el valor de cada propuesta es especial, y se encuentra estrechamente ligado a la calidad.<\/p><p>Creemos que la calidad de cualquier proyecto de arquitectura es cuando se satisfacen los requerimientos del cliente en las variables de <strong>tiempo, costo y finalizaci\u00f3n de la obra<\/strong>, y nos esforzamos en funci\u00f3n de ello.<\/p>\t\t\t\t\t\t<\/div>\n\t\t\t\t<\/div>\n\t\t\t\t\t<\/div>\n\t\t<\/div>\n\t\t\t\t\t<\/div>\n\t\t<\/section>\n\t\t\t\t<section class=\"elementor-section elementor-top-section elementor-element elementor-element-91f04f0 elementor-section-boxed elementor-section-height-default elementor-section-height-default\" data-id=\"91f04f0\" data-element_type=\"section\">\n\t\t\t\t\t\t<div class=\"elementor-container elementor-column-gap-default\">\n\t\t\t\t\t<div class=\"elementor-column elementor-col-50 elementor-top-column elementor-element elementor-element-440a01c\" data-id=\"440a01c\" data-element_type=\"column\">\n\t\t\t<div class=\"elementor-widget-wrap elementor-element-populated\">\n\t\t\t\t\t\t<div class=\"elementor-element elementor-element-26dcd09 elementor-widget elementor-widget-text-editor\" data-id=\"26dcd09\" data-element_type=\"widget\" data-widget_type=\"text-editor.default\">\n\t\t\t\t<div class=\"elementor-widget-container\">\n\t\t\t\t\t\t\t<h2>COLABORACIONES INTERDISCIPLINARIAS<\/h2>\t\t\t\t\t\t<\/div>\n\t\t\t\t<\/div>\n\t\t\t\t<div class=\"elementor-element elementor-element-45844fb elementor-widget elementor-widget-text-editor\" data-id=\"45844fb\" data-element_type=\"widget\" data-widget_type=\"text-editor.default\">\n\t\t\t\t<div class=\"elementor-widget-container\">\n\t\t\t\t\t\t\t<p>Desde nuestra posici\u00f3n de <strong>socio local de empresas internacionales<\/strong>, nos ha tocado colaborar con organizaciones de distintas culturas, trasfondos, disciplinas y formaciones acad\u00e9micas.<\/p><p>En ese contexto, dentro de los servicios que ofrecemos de <strong>arquitectura, paisajismo y urbanismo<\/strong>, el enfoque entre un profesional del dise\u00f1o y otro es posible que difiera frente a un mismo problema y, por lo tanto, las soluciones propuestas e ideadas diferir\u00e1n.<\/p><p>En estos casos, en OM28 Architects consideramos a la experiencia como un valor agregado que nos permite conciliar posiciones, construir acuerdos y movilizar hacia adelante el proyecto, en pos de cumplir con los <strong>est\u00e1ndares de calidad<\/strong> prefijados con el cliente.<\/p>\t\t\t\t\t\t<\/div>\n\t\t\t\t<\/div>\n\t\t\t\t\t<\/div>\n\t\t<\/div>\n\t\t\t\t<div class=\"elementor-column elementor-col-50 elementor-top-column elementor-element elementor-element-277ea63\" data-id=\"277ea63\" data-element_type=\"column\">\n\t\t\t<div class=\"elementor-widget-wrap elementor-element-populated\">\n\t\t\t\t\t\t<div class=\"elementor-element elementor-element-8052bc6 elementor-widget elementor-widget-image\" data-id=\"8052bc6\" data-element_type=\"widget\" data-widget_type=\"image.default\">\n\t\t\t\t<div class=\"elementor-widget-container\">\n\t\t\t\t\t\t\t\t\t\t\t\t\t<img decoding=\"async\" width=\"718\" height=\"1024\" src=\"https:\/\/om28architects.com\/wp-content\/uploads\/2021\/07\/COLABORACIONES-VERTICAL-00-OM28Architects-718x1024.jpg\" class=\"attachment-large size-large wp-image-1274\" alt=\"COLABORACIONES EN ARQUITECTURA | OM28 ARCHITECTS\" srcset=\"https:\/\/om28architects.com\/wp-content\/uploads\/2021\/07\/COLABORACIONES-VERTICAL-00-OM28Architects-718x1024.jpg 718w, https:\/\/om28architects.com\/wp-content\/uploads\/2021\/07\/COLABORACIONES-VERTICAL-00-OM28Architects-210x300.jpg 210w, https:\/\/om28architects.com\/wp-content\/uploads\/2021\/07\/COLABORACIONES-VERTICAL-00-OM28Architects-768x1095.jpg 768w, https:\/\/om28architects.com\/wp-content\/uploads\/2021\/07\/COLABORACIONES-VERTICAL-00-OM28Architects.jpg 1062w\" sizes=\"(max-width: 718px) 100vw, 718px\" \/>\t\t\t\t\t\t\t\t\t\t\t\t\t<\/div>\n\t\t\t\t<\/div>\n\t\t\t\t\t<\/div>\n\t\t<\/div>\n\t\t\t\t\t<\/div>\n\t\t<\/section>\n\t\t\t\t<section class=\"elementor-section elementor-top-section elementor-element elementor-element-f602de8 elementor-section-boxed elementor-section-height-default elementor-section-height-default\" data-id=\"f602de8\" data-element_type=\"section\">\n\t\t\t\t\t\t<div class=\"elementor-container elementor-column-gap-default\">\n\t\t\t\t\t<div class=\"elementor-column elementor-col-100 elementor-top-column elementor-element elementor-element-3faee38\" data-id=\"3faee38\" data-element_type=\"column\">\n\t\t\t<div class=\"elementor-widget-wrap elementor-element-populated\">\n\t\t\t\t\t\t\t<\/div>\n\t\t<\/div>\n\t\t\t\t\t<\/div>\n\t\t<\/section>\n\t\t\t\t<\/div>\n\t\t","protected":false},"excerpt":{"rendered":"<p>OM28 &#8211; COLABORACIONES EN ARQUITECTURA En OM28 Architects somos socios locales en Sotogrande y la Costa del Sol de firmas de arquitectura de origen nacional e internacional. Hemos realizado colaboraciones con otros estudios de arquitectura y empresas relacionadas al sector, con el aval de m\u00e1s de veinte a\u00f1os de experiencia en trabajos de arquitectura, arquitectura [&hellip;]<\/p>\n","protected":false},"author":1,"featured_media":0,"parent":2848,"menu_order":0,"comment_status":"closed","ping_status":"closed","template":"","meta":{"footnotes":""},"class_list":["post-2838","page","type-page","status-publish","hentry"],"acf":[],"_links":{"self":[{"href":"https:\/\/om28architects.com\/en\/wp-json\/wp\/v2\/pages\/2838","targetHints":{"allow":["GET"]}}],"collection":[{"href":"https:\/\/om28architects.com\/en\/wp-json\/wp\/v2\/pages"}],"about":[{"href":"https:\/\/om28architects.com\/en\/wp-json\/wp\/v2\/types\/page"}],"author":[{"embeddable":true,"href":"https:\/\/om28architects.com\/en\/wp-json\/wp\/v2\/users\/1"}],"replies":[{"embeddable":true,"href":"https:\/\/om28architects.com\/en\/wp-json\/wp\/v2\/comments?post=2838"}],"version-history":[{"count":1,"href":"https:\/\/om28architects.com\/en\/wp-json\/wp\/v2\/pages\/2838\/revisions"}],"predecessor-version":[{"id":4870,"href":"https:\/\/om28architects.com\/en\/wp-json\/wp\/v2\/pages\/2838\/revisions\/4870"}],"up":[{"embeddable":true,"href":"https:\/\/om28architects.com\/en\/wp-json\/wp\/v2\/pages\/2848"}],"wp:attachment":[{"href":"https:\/\/om28architects.com\/en\/wp-json\/wp\/v2\/media?parent=2838"}],"curies":[{"name":"wp","href":"https:\/\/api.w.org\/{rel}","templated":true}]}}