{"id":2856,"date":"2021-11-03T23:19:56","date_gmt":"2021-11-03T22:19:56","guid":{"rendered":"https:\/\/om28architects.com\/?page_id=2856"},"modified":"2025-07-23T13:14:41","modified_gmt":"2025-07-23T11:14:41","slug":"architecture-projects","status":"publish","type":"page","link":"https:\/\/om28architects.com\/en\/services\/architecture-projects\/","title":{"rendered":"Architecture"},"content":{"rendered":"\t\t<div data-elementor-type=\"wp-page\" data-elementor-id=\"2856\" class=\"elementor elementor-2856 elementor-466\" data-elementor-post-type=\"page\">\n\t\t\t\t\t\t<section class=\"elementor-section elementor-top-section elementor-element elementor-element-8798274 elementor-section-boxed elementor-section-height-default elementor-section-height-default\" data-id=\"8798274\" data-element_type=\"section\">\n\t\t\t\t\t\t<div class=\"elementor-container elementor-column-gap-wide\">\n\t\t\t\t\t<div class=\"elementor-column elementor-col-50 elementor-top-column elementor-element elementor-element-823ee14\" data-id=\"823ee14\" data-element_type=\"column\">\n\t\t\t<div class=\"elementor-widget-wrap elementor-element-populated\">\n\t\t\t\t\t\t<div class=\"elementor-element elementor-element-c7d9778 elementor-widget elementor-widget-image\" data-id=\"c7d9778\" data-element_type=\"widget\" data-widget_type=\"image.default\">\n\t\t\t\t<div class=\"elementor-widget-container\">\n\t\t\t\t\t\t\t\t\t\t\t\t\t<img fetchpriority=\"high\" decoding=\"async\" width=\"718\" height=\"1024\" src=\"https:\/\/om28architects.com\/wp-content\/uploads\/2021\/07\/arquitectura-VERTICAL-color-00-OM28Architects-718x1024.jpg\" class=\"attachment-large size-large wp-image-1162\" alt=\"Servicios de Arquitectura | OM28\" srcset=\"https:\/\/om28architects.com\/wp-content\/uploads\/2021\/07\/arquitectura-VERTICAL-color-00-OM28Architects-718x1024.jpg 718w, https:\/\/om28architects.com\/wp-content\/uploads\/2021\/07\/arquitectura-VERTICAL-color-00-OM28Architects-210x300.jpg 210w, https:\/\/om28architects.com\/wp-content\/uploads\/2021\/07\/arquitectura-VERTICAL-color-00-OM28Architects-768x1095.jpg 768w, https:\/\/om28architects.com\/wp-content\/uploads\/2021\/07\/arquitectura-VERTICAL-color-00-OM28Architects.jpg 1062w\" sizes=\"(max-width: 718px) 100vw, 718px\" \/>\t\t\t\t\t\t\t\t\t\t\t\t\t<\/div>\n\t\t\t\t<\/div>\n\t\t\t\t\t<\/div>\n\t\t<\/div>\n\t\t\t\t<div class=\"elementor-column elementor-col-50 elementor-top-column elementor-element elementor-element-fe26617\" data-id=\"fe26617\" data-element_type=\"column\">\n\t\t\t<div class=\"elementor-widget-wrap elementor-element-populated\">\n\t\t\t\t\t\t<div class=\"elementor-element elementor-element-5f26acc elementor-widget elementor-widget-heading\" data-id=\"5f26acc\" data-element_type=\"widget\" data-widget_type=\"heading.default\">\n\t\t\t\t<div class=\"elementor-widget-container\">\n\t\t\t<h1 class=\"elementor-heading-title elementor-size-default\">ARCHITECTURE  SERVICE IN OM28 ARCHITECTS <\/h1>\t\t<\/div>\n\t\t\t\t<\/div>\n\t\t\t\t<div class=\"elementor-element elementor-element-88df705 elementor-widget elementor-widget-text-editor\" data-id=\"88df705\" data-element_type=\"widget\" data-widget_type=\"text-editor.default\">\n\t\t\t\t<div class=\"elementor-widget-container\">\n\t\t\t\t\t\t\t<p class=\"p1\">We are an architecture studio based in Sotogrande, Costa del Sol, dedicated to delivering high-quality architecture projects that meet every client\u2019s needs. With a strong service-driven approach, we guide our clients through every stage of their building or remodelling journey.<\/p><p>Our motivation is to design unique spaces for each customer, offering a comprehensive service including design and building work.<\/p><p>Nuestra motivaci\u00f3n es dise\u00f1ar espacios \u00fanicos para cada cliente, ofreciendo un servicio integral que incluye dise\u00f1o y obra.\u00a0<\/p><h2>ARCHITECTURAL QUALITY PROJECTS<\/h2><p>The design and building of high standing or luxury homes characterizes us in our work. We offer contemporary and avant-garde designs that contrast to the classic and traditional compositions of Andalusian architecture.<\/p><p>Placing every customer\u2019s needs as a priority in every building work we undertake, we aim at achieving the highest levels on design, comfort and quality, with the objective of getting the highest feeling of satisfaction from our customers.<\/p><p>Our wide range of experience in designing residential complexes or multi-family housing, either in height blocks or of extensive nature, allows us to offer our services to promoters in order to build contemporary and modern designs.<\/p>\t\t\t\t\t\t<\/div>\n\t\t\t\t<\/div>\n\t\t\t\t\t<\/div>\n\t\t<\/div>\n\t\t\t\t\t<\/div>\n\t\t<\/section>\n\t\t\t\t<section class=\"elementor-section elementor-top-section elementor-element elementor-element-b841413 elementor-section-boxed elementor-section-height-default elementor-section-height-default\" data-id=\"b841413\" data-element_type=\"section\">\n\t\t\t\t\t\t<div class=\"elementor-container elementor-column-gap-default\">\n\t\t\t\t\t<div class=\"elementor-column elementor-col-100 elementor-top-column elementor-element elementor-element-73e3dcc\" data-id=\"73e3dcc\" data-element_type=\"column\">\n\t\t\t<div class=\"elementor-widget-wrap elementor-element-populated\">\n\t\t\t\t\t\t<div class=\"elementor-element elementor-element-0cadf98 elementor-widget elementor-widget-text-editor\" data-id=\"0cadf98\" data-element_type=\"widget\" data-widget_type=\"text-editor.default\">\n\t\t\t\t<div class=\"elementor-widget-container\">\n\t\t\t\t\t\t\t<h2>OM28 ARCHITECTS: ARCHITECTURE SERVICES<\/h2>\t\t\t\t\t\t<\/div>\n\t\t\t\t<\/div>\n\t\t\t\t<div class=\"elementor-element elementor-element-67db083 elementor-widget elementor-widget-text-editor\" data-id=\"67db083\" data-element_type=\"widget\" data-widget_type=\"text-editor.default\">\n\t\t\t\t<div class=\"elementor-widget-container\">\n\t\t\t\t\t\t\t<p class=\"p1\">Our studio also offers legal support services for building works (legal architecture), landscaping, and project management, among other services that you can explore on our website.<\/p><p class=\"p1\">The result of our design process and project development \u2014 carried out in full alignment with the client \u2014 is a functional and comfortable home, where every space is tailored to daily routines and personal needs.<\/p><p class=\"p1\">We understand how important it is to have an architect involved from the very beginning of your architecture projects, to generate value, ensure profitability, and maximise your investment.<\/p><p class=\"p1\">That\u2019s why our architects will work closely with you, lead the design team, manage the planning stage, and assist you in selecting the right contractors and materials. This approach allows you to optimise your building budget and minimise the operating costs of your home, ensuring the long-term success of your architecture projects.<\/p>\t\t\t\t\t\t<\/div>\n\t\t\t\t<\/div>\n\t\t\t\t\t<\/div>\n\t\t<\/div>\n\t\t\t\t\t<\/div>\n\t\t<\/section>\n\t\t\t\t<section class=\"elementor-section elementor-top-section elementor-element elementor-element-d4ea48a elementor-section-boxed elementor-section-height-default elementor-section-height-default\" data-id=\"d4ea48a\" data-element_type=\"section\">\n\t\t\t\t\t\t<div class=\"elementor-container elementor-column-gap-default\">\n\t\t\t\t\t<div class=\"elementor-column elementor-col-50 elementor-top-column elementor-element elementor-element-65fd86a\" data-id=\"65fd86a\" data-element_type=\"column\">\n\t\t\t<div class=\"elementor-widget-wrap elementor-element-populated\">\n\t\t\t\t\t\t<div class=\"elementor-element elementor-element-cc9914f elementor-widget elementor-widget-text-editor\" data-id=\"cc9914f\" data-element_type=\"widget\" data-widget_type=\"text-editor.default\">\n\t\t\t\t<div class=\"elementor-widget-container\">\n\t\t\t\t\t\t\t<div><span style=\"font-family: -apple-system, BlinkMacSystemFont, 'Segoe UI', Roboto, 'Helvetica Neue', Arial, 'Noto Sans', sans-serif; font-size: 1rem; color: var( --e-global-color-14d231f );\">We have a wide portfolio of architecture projects:<\/span><\/div><div>\u00a0<\/div><ul><li>Villas<ul><li>New floor<\/li><li>Remodelling<\/li><\/ul><\/li><li>Residential complexes<\/li><li>Senior architecture:<ul><li>Seniors resort<\/li><li>Legally protected homes<\/li><li>Homes adaptation<\/li><li>Senior cooperatives<\/li><\/ul><\/li><li>Hotel<\/li><li>industry<\/li><li>Non-residential buildings and equipment<\/li><li>Urban architecture<\/li><\/ul><div>\u00a0<\/div>\t\t\t\t\t\t<\/div>\n\t\t\t\t<\/div>\n\t\t\t\t<div class=\"elementor-element elementor-element-1bb5f56 elementor-widget elementor-widget-heading\" data-id=\"1bb5f56\" data-element_type=\"widget\" data-widget_type=\"heading.default\">\n\t\t\t\t<div class=\"elementor-widget-container\">\n\t\t\t<h2 class=\"elementor-heading-title elementor-size-default\">ARCHITECTURE SERVICES FOR SENIORS<\/h2>\t\t<\/div>\n\t\t\t\t<\/div>\n\t\t\t\t<div class=\"elementor-element elementor-element-ac3f46f elementor-widget elementor-widget-text-editor\" data-id=\"ac3f46f\" data-element_type=\"widget\" data-widget_type=\"text-editor.default\">\n\t\t\t\t<div class=\"elementor-widget-container\">\n\t\t\t\t\t\t\t<p>In OM28 Architects, we maintain an innovative spirit, constantly trying to open new lines of work. From some time ago and up to the present, architecture for seniors has been one of our most ambitious and attractive goals. The different residential formulas in this field allow us to be in first line for this type of building work.<\/p>\t\t\t\t\t\t<\/div>\n\t\t\t\t<\/div>\n\t\t\t\t\t<\/div>\n\t\t<\/div>\n\t\t\t\t<div class=\"elementor-column elementor-col-50 elementor-top-column elementor-element elementor-element-fb9ee09\" data-id=\"fb9ee09\" data-element_type=\"column\">\n\t\t\t<div class=\"elementor-widget-wrap elementor-element-populated\">\n\t\t\t\t\t\t<div class=\"elementor-element elementor-element-9519358 elementor-widget elementor-widget-image\" data-id=\"9519358\" data-element_type=\"widget\" data-widget_type=\"image.default\">\n\t\t\t\t<div class=\"elementor-widget-container\">\n\t\t\t\t\t\t\t\t\t\t\t\t\t<img decoding=\"async\" width=\"718\" height=\"1024\" src=\"https:\/\/om28architects.com\/wp-content\/uploads\/2021\/07\/Arquitectura-VERTICAL-00-OM28Architects-718x1024.jpg\" class=\"attachment-large size-large wp-image-1167\" alt=\"Servicios de Arquitectura | OM28 Architects\" srcset=\"https:\/\/om28architects.com\/wp-content\/uploads\/2021\/07\/Arquitectura-VERTICAL-00-OM28Architects-718x1024.jpg 718w, https:\/\/om28architects.com\/wp-content\/uploads\/2021\/07\/Arquitectura-VERTICAL-00-OM28Architects-210x300.jpg 210w, https:\/\/om28architects.com\/wp-content\/uploads\/2021\/07\/Arquitectura-VERTICAL-00-OM28Architects-768x1095.jpg 768w, https:\/\/om28architects.com\/wp-content\/uploads\/2021\/07\/Arquitectura-VERTICAL-00-OM28Architects.jpg 1062w\" sizes=\"(max-width: 718px) 100vw, 718px\" \/>\t\t\t\t\t\t\t\t\t\t\t\t\t<\/div>\n\t\t\t\t<\/div>\n\t\t\t\t\t<\/div>\n\t\t<\/div>\n\t\t\t\t\t<\/div>\n\t\t<\/section>\n\t\t\t\t<section class=\"elementor-section elementor-top-section elementor-element elementor-element-5eebe75 elementor-section-boxed elementor-section-height-default elementor-section-height-default\" data-id=\"5eebe75\" data-element_type=\"section\">\n\t\t\t\t\t\t<div class=\"elementor-container elementor-column-gap-default\">\n\t\t\t\t\t<div class=\"elementor-column elementor-col-100 elementor-top-column elementor-element elementor-element-8aafcdd\" data-id=\"8aafcdd\" data-element_type=\"column\">\n\t\t\t<div class=\"elementor-widget-wrap elementor-element-populated\">\n\t\t\t\t\t\t<div class=\"elementor-element elementor-element-cff1083 elementor-widget elementor-widget-heading\" data-id=\"cff1083\" data-element_type=\"widget\" data-widget_type=\"heading.default\">\n\t\t\t\t<div class=\"elementor-widget-container\">\n\t\t\t<h2 class=\"elementor-heading-title elementor-size-default\">ARCHITECTURE PROJECTS<\/h2>\t\t<\/div>\n\t\t\t\t<\/div>\n\t\t\t\t\t<\/div>\n\t\t<\/div>\n\t\t\t\t\t<\/div>\n\t\t<\/section>\n\t\t\t\t<section class=\"elementor-section elementor-top-section elementor-element elementor-element-a2e9b0b elementor-section-boxed elementor-section-height-default elementor-section-height-default\" data-id=\"a2e9b0b\" data-element_type=\"section\">\n\t\t\t\t\t\t<div class=\"elementor-container elementor-column-gap-default\">\n\t\t\t\t\t<div class=\"elementor-column elementor-col-100 elementor-top-column elementor-element elementor-element-96622af\" data-id=\"96622af\" data-element_type=\"column\">\n\t\t\t<div class=\"elementor-widget-wrap elementor-element-populated\">\n\t\t\t\t\t\t\t<\/div>\n\t\t<\/div>\n\t\t\t\t\t<\/div>\n\t\t<\/section>\n\t\t\t\t<\/div>\n\t\t","protected":false},"excerpt":{"rendered":"<p>ARCHITECTURE SERVICE IN OM28 ARCHITECTS We are an architecture studio based in Sotogrande, Costa del Sol, dedicated to delivering high-quality architecture projects that meet every client\u2019s needs. With a strong service-driven approach, we guide our clients through every stage of their building or remodelling journey. Our motivation is to design unique spaces for each customer, [&hellip;]<\/p>\n","protected":false},"author":2,"featured_media":4951,"parent":2848,"menu_order":0,"comment_status":"closed","ping_status":"closed","template":"","meta":{"footnotes":""},"class_list":["post-2856","page","type-page","status-publish","has-post-thumbnail","hentry"],"acf":[],"_links":{"self":[{"href":"https:\/\/om28architects.com\/en\/wp-json\/wp\/v2\/pages\/2856","targetHints":{"allow":["GET"]}}],"collection":[{"href":"https:\/\/om28architects.com\/en\/wp-json\/wp\/v2\/pages"}],"about":[{"href":"https:\/\/om28architects.com\/en\/wp-json\/wp\/v2\/types\/page"}],"author":[{"embeddable":true,"href":"https:\/\/om28architects.com\/en\/wp-json\/wp\/v2\/users\/2"}],"replies":[{"embeddable":true,"href":"https:\/\/om28architects.com\/en\/wp-json\/wp\/v2\/comments?post=2856"}],"version-history":[{"count":8,"href":"https:\/\/om28architects.com\/en\/wp-json\/wp\/v2\/pages\/2856\/revisions"}],"predecessor-version":[{"id":4956,"href":"https:\/\/om28architects.com\/en\/wp-json\/wp\/v2\/pages\/2856\/revisions\/4956"}],"up":[{"embeddable":true,"href":"https:\/\/om28architects.com\/en\/wp-json\/wp\/v2\/pages\/2848"}],"wp:featuredmedia":[{"embeddable":true,"href":"https:\/\/om28architects.com\/en\/wp-json\/wp\/v2\/media\/4951"}],"wp:attachment":[{"href":"https:\/\/om28architects.com\/en\/wp-json\/wp\/v2\/media?parent=2856"}],"curies":[{"name":"wp","href":"https:\/\/api.w.org\/{rel}","templated":true}]}}